{"id":1802,"date":"2022-04-11T10:16:37","date_gmt":"2022-04-11T08:16:37","guid":{"rendered":"https:\/\/meremuuseum.100kingitust.ee\/product\/the-icebreaker-suur-toll\/"},"modified":"2022-04-11T10:16:37","modified_gmt":"2022-04-11T08:16:37","slug":"the-icebreaker-suur-toll","status":"publish","type":"product","link":"https:\/\/meremuuseum.100kingitust.ee\/en\/the-icebreaker-suur-toll\/","title":{"rendered":"The icebreaker Suur T\u00f5ll"},"content":{"rendered":"<p>Estonia\u2019s symbolic flagship, the venerable and stately Suur T\u00f5ll, is one of the three surviving early 20th century steam-powered icebreakers in the Baltic Sea. When launched in Germany, the icebreaker was one of the world\u2019s most modern vessels of it\u2019s kind. It has steamed under the flags of Imperial Russia, Finland, the Soviet union and Estonia bearing four different names: Tsar Kikhail Fyodorovich, Volynets, W\u00e4in\u00e4m\u00f6inen and Suur T\u00f5ll.<\/p>\n<p>The reader will enjoy a rare glipse of the crew\u2019s daily life, to study in detail the engine room of a mighty steamship and to admire its elegant interior. The book also provides a brief overview of the Vulcan-Werke shipyard, from which the Suur T\u00f5ll departed for Tallinn in 1914.<\/p>\n<p>The hundred year biography of the ship with four names reflects the story of the Republic of Estonia; history enthusiasts will find hitherto unpublished original drawings, photographs and excerpts from doucments. The appendix provides a list of crew members in 1922-1940.<\/p>\n<p>Authors: Mihkel Karu, Priit L\u00e4tti and Teele Saar<\/p>\n<p><span class=\"d-block mb-2\">Information:<\/span><\/p>\n<table class=\"woocommerce-product-attributes shop_attributes\" width=\"258\">\n<tbody>\n<tr class=\"woocommerce-product-attributes-item woocommerce-product-attributes-item--attribute_pa_autor\">\n<th class=\"woocommerce-product-attributes-item__label\">Author<\/th>\n<td class=\"woocommerce-product-attributes-item__value\">\n<p style=\"text-align: center;\">Mihkel Karu, Priit L\u00e4tti, Teele Saar<\/p>\n<\/td>\n<\/tr>\n<tr class=\"woocommerce-product-attributes-item woocommerce-product-attributes-item--attribute_pa_lehekulgi\">\n<th class=\"woocommerce-product-attributes-item__label\">Pages<\/th>\n<td class=\"woocommerce-product-attributes-item__value\">\n<p style=\"text-align: center;\">\u00a0168<\/p>\n<\/td>\n<\/tr>\n<tr class=\"woocommerce-product-attributes-item woocommerce-product-attributes-item--attribute_pa_koide\">\n<th class=\"woocommerce-product-attributes-item__label\">Publisher<\/th>\n<td class=\"woocommerce-product-attributes-item__value\">\n<p style=\"text-align: center;\">Argo Kirjastus ja Eesti Meremuuseum<\/p>\n<\/td>\n<\/tr>\n<tr class=\"woocommerce-product-attributes-item woocommerce-product-attributes-item--attribute_pa_isbn\">\n<th class=\"woocommerce-product-attributes-item__label\">Time of publication<\/th>\n<td class=\"woocommerce-product-attributes-item__value\">\n<p style=\"text-align: center;\">\u00a02016<\/p>\n<\/td>\n<\/tr>\n<tr class=\"woocommerce-product-attributes-item woocommerce-product-attributes-item--attribute_pa_ilmumisaeg\">\n<th class=\"woocommerce-product-attributes-item__label\"><\/th>\n<td class=\"woocommerce-product-attributes-item__value\"><\/td>\n<\/tr>\n<\/tbody>\n<\/table>\n<p>&nbsp;<\/p>\n<p>&nbsp;<\/p>\n","protected":false},"excerpt":{"rendered":"Estonia\u2019s symbolic flagship, the venerable and stately Suur T\u00f5ll, is one of the three surviving early 20th century steam-powered icebreakers in the Baltic Sea. When launched in Germany, the icebreaker was one of the world\u2019s most modern vessels of it\u2019s kind. It has steamed under the flags of Imperial Russia, Finland, the Soviet union and [&hellip;]","protected":false},"featured_media":1374,"template":"","meta":{"_acf_changed":false},"product_brand":[],"product_cat":[105,198,104,45],"product_tag":[],"class_list":{"0":"post-1802","1":"product","2":"type-product","3":"status-publish","4":"has-post-thumbnail","6":"product_cat-for-ukraine","7":"product_cat-sales","8":"product_cat-sale","9":"product_cat-books","11":"first","12":"instock","13":"sale","14":"taxable","15":"shipping-taxable","16":"purchasable","17":"product-type-simple"},"acf":[],"yoast_head":"<!-- This site is optimized with the Yoast SEO Premium plugin v18.4 (Yoast SEO v25.9) - https:\/\/yoast.com\/wordpress\/plugins\/seo\/ -->\n<title>The icebreaker Suur T\u00f5ll - Meremuuseumi e-pood<\/title>\n<meta name=\"description\" content=\"Lennusadama ja Paks Margareeta e-poest leiad parimad kingiideed meres\u00f5brale, kalamehele. Mereteemalised aksessuaarid\" \/>\n<meta name=\"robots\" content=\"index, follow, max-snippet:-1, max-image-preview:large, max-video-preview:-1\" \/>\n<link rel=\"canonical\" href=\"https:\/\/meremuuseum.100kingitust.ee\/en\/the-icebreaker-suur-toll\/\" \/>\n<meta property=\"og:locale\" content=\"en_US\" \/>\n<meta property=\"og:type\" content=\"article\" \/>\n<meta property=\"og:title\" content=\"The icebreaker Suur T\u00f5ll\" \/>\n<meta property=\"og:description\" content=\"Lennusadama ja Paks Margareeta e-poest leiad parimad kingiideed meres\u00f5brale, kalamehele. Mereteemalised aksessuaarid\" \/>\n<meta property=\"og:url\" content=\"https:\/\/meremuuseum.100kingitust.ee\/en\/the-icebreaker-suur-toll\/\" \/>\n<meta property=\"og:site_name\" content=\"Meremuuseumi e-pood\" \/>\n<meta property=\"article:publisher\" content=\"https:\/\/www.facebook.com\/100kingitust\" \/>\n<meta property=\"og:image\" content=\"https:\/\/meremuuseum.100kingitust.ee\/wp-content\/uploads\/2022\/04\/jaamurdja-suur-toll.jpg\" \/>\n\t<meta property=\"og:image:width\" content=\"1000\" \/>\n\t<meta property=\"og:image:height\" content=\"1232\" \/>\n\t<meta property=\"og:image:type\" content=\"image\/jpeg\" \/>\n<meta name=\"twitter:card\" content=\"summary_large_image\" \/>\n<meta name=\"twitter:label1\" content=\"Price\" \/>\n\t<meta name=\"twitter:data1\" content=\"30.00&nbsp;&euro; Original price was: 30.00&nbsp;&euro;.21.00&nbsp;&euro;Current price is: 21.00&nbsp;&euro;.\" \/>\n\t<meta name=\"twitter:label2\" content=\"Availability\" \/>\n\t<meta name=\"twitter:data2\" content=\"In stock\" \/>\n<script type=\"application\/ld+json\" class=\"yoast-schema-graph\">{\"@context\":\"https:\/\/schema.org\",\"@graph\":[{\"@type\":\"WebPage\",\"@id\":\"https:\/\/meremuuseum.100kingitust.ee\/en\/the-icebreaker-suur-toll\/\",\"url\":\"https:\/\/meremuuseum.100kingitust.ee\/en\/the-icebreaker-suur-toll\/\",\"name\":\"The icebreaker Suur T\u00f5ll - Meremuuseumi e-pood\",\"isPartOf\":{\"@id\":\"https:\/\/meremuuseum.100kingitust.ee\/en\/#website\"},\"primaryImageOfPage\":{\"@id\":\"https:\/\/meremuuseum.100kingitust.ee\/en\/the-icebreaker-suur-toll\/#primaryimage\"},\"image\":{\"@id\":\"https:\/\/meremuuseum.100kingitust.ee\/en\/the-icebreaker-suur-toll\/#primaryimage\"},\"thumbnailUrl\":\"https:\/\/meremuuseum.100kingitust.ee\/wp-content\/uploads\/2022\/04\/jaamurdja-suur-toll.jpg\",\"datePublished\":\"2022-04-11T08:16:37+00:00\",\"description\":\"Lennusadama ja Paks Margareeta e-poest leiad parimad kingiideed meres\u00f5brale, kalamehele. Mereteemalised aksessuaarid\",\"breadcrumb\":{\"@id\":\"https:\/\/meremuuseum.100kingitust.ee\/en\/the-icebreaker-suur-toll\/#breadcrumb\"},\"inLanguage\":\"en-US\",\"potentialAction\":[{\"@type\":\"ReadAction\",\"target\":[\"https:\/\/meremuuseum.100kingitust.ee\/en\/the-icebreaker-suur-toll\/\"]}]},{\"@type\":\"ImageObject\",\"inLanguage\":\"en-US\",\"@id\":\"https:\/\/meremuuseum.100kingitust.ee\/en\/the-icebreaker-suur-toll\/#primaryimage\",\"url\":\"https:\/\/meremuuseum.100kingitust.ee\/wp-content\/uploads\/2022\/04\/jaamurdja-suur-toll.jpg\",\"contentUrl\":\"https:\/\/meremuuseum.100kingitust.ee\/wp-content\/uploads\/2022\/04\/jaamurdja-suur-toll.jpg\",\"width\":1000,\"height\":1232},{\"@type\":\"BreadcrumbList\",\"@id\":\"https:\/\/meremuuseum.100kingitust.ee\/en\/the-icebreaker-suur-toll\/#breadcrumb\",\"itemListElement\":[{\"@type\":\"ListItem\",\"position\":1,\"name\":\"Home\",\"item\":\"https:\/\/meremuuseum.100kingitust.ee\/en\/\"},{\"@type\":\"ListItem\",\"position\":2,\"name\":\"Shop\",\"item\":\"https:\/\/meremuuseum.100kingitust.ee\/en\/shop\/\"},{\"@type\":\"ListItem\",\"position\":3,\"name\":\"The icebreaker Suur T\u00f5ll\"}]},{\"@type\":\"WebSite\",\"@id\":\"https:\/\/meremuuseum.100kingitust.ee\/en\/#website\",\"url\":\"https:\/\/meremuuseum.100kingitust.ee\/en\/\",\"name\":\"Meremuuseumi e-pood\",\"description\":\"Estonian Maritime Museum shop. Nautical gifts and sea themed accessories.\",\"publisher\":{\"@id\":\"https:\/\/meremuuseum.100kingitust.ee\/en\/#organization\"},\"potentialAction\":[{\"@type\":\"SearchAction\",\"target\":{\"@type\":\"EntryPoint\",\"urlTemplate\":\"https:\/\/meremuuseum.100kingitust.ee\/en\/?s={search_term_string}\"},\"query-input\":{\"@type\":\"PropertyValueSpecification\",\"valueRequired\":true,\"valueName\":\"search_term_string\"}}],\"inLanguage\":\"en-US\"},{\"@type\":\"Organization\",\"@id\":\"https:\/\/meremuuseum.100kingitust.ee\/en\/#organization\",\"name\":\"Maritime Museumshop\",\"url\":\"https:\/\/meremuuseum.100kingitust.ee\/en\/\",\"logo\":{\"@type\":\"ImageObject\",\"inLanguage\":\"en-US\",\"@id\":\"https:\/\/meremuuseum.100kingitust.ee\/en\/#\/schema\/logo\/image\/\",\"url\":\"https:\/\/meremuuseum.100kingitust.ee\/wp-content\/uploads\/2022\/03\/cropped-favicon-1.png\",\"contentUrl\":\"https:\/\/meremuuseum.100kingitust.ee\/wp-content\/uploads\/2022\/03\/cropped-favicon-1.png\",\"width\":512,\"height\":512,\"caption\":\"Maritime Museumshop\"},\"image\":{\"@id\":\"https:\/\/meremuuseum.100kingitust.ee\/en\/#\/schema\/logo\/image\/\"},\"sameAs\":[\"https:\/\/www.facebook.com\/100kingitust\"]}]}<\/script>\n<meta property=\"product:price:amount\" content=\"21.00\" \/>\n<meta property=\"product:price:currency\" content=\"EUR\" \/>\n<meta property=\"og:availability\" content=\"instock\" \/>\n<meta property=\"product:availability\" content=\"instock\" \/>\n<meta property=\"product:retailer_item_id\" content=\"7755\" \/>\n<meta property=\"product:condition\" content=\"new\" \/>\n<!-- \/ Yoast SEO Premium plugin. -->","yoast_head_json":{"title":"The icebreaker Suur T\u00f5ll - Meremuuseumi e-pood","description":"Lennusadama ja Paks Margareeta e-poest leiad parimad kingiideed meres\u00f5brale, kalamehele. Mereteemalised aksessuaarid","robots":{"index":"index","follow":"follow","max-snippet":"max-snippet:-1","max-image-preview":"max-image-preview:large","max-video-preview":"max-video-preview:-1"},"canonical":"https:\/\/meremuuseum.100kingitust.ee\/en\/the-icebreaker-suur-toll\/","og_locale":"en_US","og_type":"article","og_title":"The icebreaker Suur T\u00f5ll","og_description":"Lennusadama ja Paks Margareeta e-poest leiad parimad kingiideed meres\u00f5brale, kalamehele. Mereteemalised aksessuaarid","og_url":"https:\/\/meremuuseum.100kingitust.ee\/en\/the-icebreaker-suur-toll\/","og_site_name":"Meremuuseumi e-pood","article_publisher":"https:\/\/www.facebook.com\/100kingitust","og_image":[{"width":1000,"height":1232,"url":"https:\/\/meremuuseum.100kingitust.ee\/wp-content\/uploads\/2022\/04\/jaamurdja-suur-toll.jpg","type":"image\/jpeg"}],"twitter_card":"summary_large_image","twitter_misc":{"Price":"30.00&nbsp;&euro; Original price was: 30.00&nbsp;&euro;.21.00&nbsp;&euro;Current price is: 21.00&nbsp;&euro;.","Availability":"In stock"},"schema":{"@context":"https:\/\/schema.org","@graph":[{"@type":"WebPage","@id":"https:\/\/meremuuseum.100kingitust.ee\/en\/the-icebreaker-suur-toll\/","url":"https:\/\/meremuuseum.100kingitust.ee\/en\/the-icebreaker-suur-toll\/","name":"The icebreaker Suur T\u00f5ll - Meremuuseumi e-pood","isPartOf":{"@id":"https:\/\/meremuuseum.100kingitust.ee\/en\/#website"},"primaryImageOfPage":{"@id":"https:\/\/meremuuseum.100kingitust.ee\/en\/the-icebreaker-suur-toll\/#primaryimage"},"image":{"@id":"https:\/\/meremuuseum.100kingitust.ee\/en\/the-icebreaker-suur-toll\/#primaryimage"},"thumbnailUrl":"https:\/\/meremuuseum.100kingitust.ee\/wp-content\/uploads\/2022\/04\/jaamurdja-suur-toll.jpg","datePublished":"2022-04-11T08:16:37+00:00","description":"Lennusadama ja Paks Margareeta e-poest leiad parimad kingiideed meres\u00f5brale, kalamehele. Mereteemalised aksessuaarid","breadcrumb":{"@id":"https:\/\/meremuuseum.100kingitust.ee\/en\/the-icebreaker-suur-toll\/#breadcrumb"},"inLanguage":"en-US","potentialAction":[{"@type":"ReadAction","target":["https:\/\/meremuuseum.100kingitust.ee\/en\/the-icebreaker-suur-toll\/"]}]},{"@type":"ImageObject","inLanguage":"en-US","@id":"https:\/\/meremuuseum.100kingitust.ee\/en\/the-icebreaker-suur-toll\/#primaryimage","url":"https:\/\/meremuuseum.100kingitust.ee\/wp-content\/uploads\/2022\/04\/jaamurdja-suur-toll.jpg","contentUrl":"https:\/\/meremuuseum.100kingitust.ee\/wp-content\/uploads\/2022\/04\/jaamurdja-suur-toll.jpg","width":1000,"height":1232},{"@type":"BreadcrumbList","@id":"https:\/\/meremuuseum.100kingitust.ee\/en\/the-icebreaker-suur-toll\/#breadcrumb","itemListElement":[{"@type":"ListItem","position":1,"name":"Home","item":"https:\/\/meremuuseum.100kingitust.ee\/en\/"},{"@type":"ListItem","position":2,"name":"Shop","item":"https:\/\/meremuuseum.100kingitust.ee\/en\/shop\/"},{"@type":"ListItem","position":3,"name":"The icebreaker Suur T\u00f5ll"}]},{"@type":"WebSite","@id":"https:\/\/meremuuseum.100kingitust.ee\/en\/#website","url":"https:\/\/meremuuseum.100kingitust.ee\/en\/","name":"Meremuuseumi e-pood","description":"Estonian Maritime Museum shop. Nautical gifts and sea themed accessories.","publisher":{"@id":"https:\/\/meremuuseum.100kingitust.ee\/en\/#organization"},"potentialAction":[{"@type":"SearchAction","target":{"@type":"EntryPoint","urlTemplate":"https:\/\/meremuuseum.100kingitust.ee\/en\/?s={search_term_string}"},"query-input":{"@type":"PropertyValueSpecification","valueRequired":true,"valueName":"search_term_string"}}],"inLanguage":"en-US"},{"@type":"Organization","@id":"https:\/\/meremuuseum.100kingitust.ee\/en\/#organization","name":"Maritime Museumshop","url":"https:\/\/meremuuseum.100kingitust.ee\/en\/","logo":{"@type":"ImageObject","inLanguage":"en-US","@id":"https:\/\/meremuuseum.100kingitust.ee\/en\/#\/schema\/logo\/image\/","url":"https:\/\/meremuuseum.100kingitust.ee\/wp-content\/uploads\/2022\/03\/cropped-favicon-1.png","contentUrl":"https:\/\/meremuuseum.100kingitust.ee\/wp-content\/uploads\/2022\/03\/cropped-favicon-1.png","width":512,"height":512,"caption":"Maritime Museumshop"},"image":{"@id":"https:\/\/meremuuseum.100kingitust.ee\/en\/#\/schema\/logo\/image\/"},"sameAs":["https:\/\/www.facebook.com\/100kingitust"]}]},"product_price_amount":"21.00","product_price_currency":"EUR","og_availability":"instock","product_availability":"instock","product_retailer_item_id":"7755","product_condition":"new"},"_links":{"self":[{"href":"https:\/\/meremuuseum.100kingitust.ee\/en\/wp-json\/wp\/v2\/product\/1802","targetHints":{"allow":["GET"]}}],"collection":[{"href":"https:\/\/meremuuseum.100kingitust.ee\/en\/wp-json\/wp\/v2\/product"}],"about":[{"href":"https:\/\/meremuuseum.100kingitust.ee\/en\/wp-json\/wp\/v2\/types\/product"}],"wp:featuredmedia":[{"embeddable":true,"href":"https:\/\/meremuuseum.100kingitust.ee\/en\/wp-json\/wp\/v2\/media\/1374"}],"wp:attachment":[{"href":"https:\/\/meremuuseum.100kingitust.ee\/en\/wp-json\/wp\/v2\/media?parent=1802"}],"wp:term":[{"taxonomy":"product_brand","embeddable":true,"href":"https:\/\/meremuuseum.100kingitust.ee\/en\/wp-json\/wp\/v2\/product_brand?post=1802"},{"taxonomy":"product_cat","embeddable":true,"href":"https:\/\/meremuuseum.100kingitust.ee\/en\/wp-json\/wp\/v2\/product_cat?post=1802"},{"taxonomy":"product_tag","embeddable":true,"href":"https:\/\/meremuuseum.100kingitust.ee\/en\/wp-json\/wp\/v2\/product_tag?post=1802"}],"curies":[{"name":"wp","href":"https:\/\/api.w.org\/{rel}","templated":true}]}}