{"id":1937,"date":"2022-04-11T09:49:00","date_gmt":"2022-04-11T07:49:00","guid":{"rendered":"https:\/\/meremuuseum.100kingitust.ee\/product\/big-toll-raincoat\/"},"modified":"2022-04-11T09:49:00","modified_gmt":"2022-04-11T07:49:00","slug":"big-toll-raincoat","status":"publish","type":"product","link":"https:\/\/meremuuseum.100kingitust.ee\/en\/big-toll-raincoat\/","title":{"rendered":"Big T\u00f5ll raincoat"},"content":{"rendered":"<p>Lovely white Big T\u00f5ll raincoat.<\/p>\n<p>Special design of the Estonian Maritime Museum.<\/p>\n<p>Back length 85cm<\/p>\n<p>Steam icebreaker Big T\u00f5ll is the largest surviving steam icebreaker in the world today. The steamer has flown under four flags &#8211; Tsarist Russia, Finland, the Soviet Union and the Republic of Estonia, and has had names such as Tsar Mikhail Fyodorovich, Volyn, W\u00e4in\u00e4m\u00f6inen and Suur T\u00f5ll. The last name that has survived to this day is named after the mythological sailor Saaremaa Suure T\u00f5llu.<\/p>\n<p>Designer: Marissa Mutt<\/p>\n","protected":false},"excerpt":{"rendered":"Lovely white Big T\u00f5ll raincoat. Special design of the Estonian Maritime Museum. Back length 85cm Steam icebreaker Big T\u00f5ll is the largest surviving steam icebreaker in the world today. The steamer has flown under four flags &#8211; Tsarist Russia, Finland, the Soviet Union and the Republic of Estonia, and has had names such as Tsar [&hellip;]","protected":false},"featured_media":607,"template":"","meta":{"_acf_changed":false},"product_brand":[],"product_cat":[43],"product_tag":[],"class_list":{"0":"post-1937","1":"product","2":"type-product","3":"status-publish","4":"has-post-thumbnail","6":"product_cat-clothing","8":"first","9":"outofstock","10":"taxable","11":"shipping-taxable","12":"purchasable","13":"product-type-simple"},"acf":[],"yoast_head":"<!-- This site is optimized with the Yoast SEO Premium plugin v18.4 (Yoast SEO v25.9) - https:\/\/yoast.com\/wordpress\/plugins\/seo\/ -->\n<title>Big T\u00f5ll raincoat - Maritime Museum Gift Shop<\/title>\n<meta name=\"description\" content=\"Lennusadama ja Paks Margareeta e-poest leiad parimad kingiideed meres\u00f5brale, kalamehele. Mereteemalised aksessuaarid\" \/>\n<meta name=\"robots\" content=\"index, follow, max-snippet:-1, max-image-preview:large, max-video-preview:-1\" \/>\n<link rel=\"canonical\" href=\"https:\/\/meremuuseum.100kingitust.ee\/en\/big-toll-raincoat\/\" \/>\n<meta property=\"og:locale\" content=\"en_US\" \/>\n<meta property=\"og:type\" content=\"article\" \/>\n<meta property=\"og:title\" content=\"Big T\u00f5ll raincoat\" \/>\n<meta property=\"og:description\" content=\"Lennusadama ja Paks Margareeta e-poest leiad parimad kingiideed meres\u00f5brale, kalamehele. Mereteemalised aksessuaarid\" \/>\n<meta property=\"og:url\" content=\"https:\/\/meremuuseum.100kingitust.ee\/en\/big-toll-raincoat\/\" \/>\n<meta property=\"og:site_name\" content=\"Maritime Museum Gift Shop\" \/>\n<meta property=\"article:publisher\" content=\"https:\/\/www.facebook.com\/100kingitust\" \/>\n<meta property=\"og:image\" content=\"https:\/\/meremuuseum.100kingitust.ee\/wp-content\/uploads\/2022\/04\/dsc00019_1.jpg\" \/>\n\t<meta property=\"og:image:width\" content=\"400\" \/>\n\t<meta property=\"og:image:height\" content=\"400\" \/>\n\t<meta property=\"og:image:type\" content=\"image\/jpeg\" \/>\n<meta name=\"twitter:card\" content=\"summary_large_image\" \/>\n<meta name=\"twitter:label1\" content=\"Price\" \/>\n\t<meta name=\"twitter:data1\" content=\"15.90&nbsp;&euro;\" \/>\n\t<meta name=\"twitter:label2\" content=\"Availability\" \/>\n\t<meta name=\"twitter:data2\" content=\"Out of stock\" \/>\n<script type=\"application\/ld+json\" class=\"yoast-schema-graph\">{\"@context\":\"https:\/\/schema.org\",\"@graph\":[{\"@type\":\"WebPage\",\"@id\":\"https:\/\/meremuuseum.100kingitust.ee\/en\/big-toll-raincoat\/\",\"url\":\"https:\/\/meremuuseum.100kingitust.ee\/en\/big-toll-raincoat\/\",\"name\":\"Big T\u00f5ll raincoat - Maritime Museum Gift Shop\",\"isPartOf\":{\"@id\":\"https:\/\/meremuuseum.100kingitust.ee\/en\/#website\"},\"primaryImageOfPage\":{\"@id\":\"https:\/\/meremuuseum.100kingitust.ee\/en\/big-toll-raincoat\/#primaryimage\"},\"image\":{\"@id\":\"https:\/\/meremuuseum.100kingitust.ee\/en\/big-toll-raincoat\/#primaryimage\"},\"thumbnailUrl\":\"https:\/\/meremuuseum.100kingitust.ee\/wp-content\/uploads\/2022\/04\/dsc00019_1.jpg\",\"datePublished\":\"2022-04-11T07:49:00+00:00\",\"description\":\"Lennusadama ja Paks Margareeta e-poest leiad parimad kingiideed meres\u00f5brale, kalamehele. Mereteemalised aksessuaarid\",\"breadcrumb\":{\"@id\":\"https:\/\/meremuuseum.100kingitust.ee\/en\/big-toll-raincoat\/#breadcrumb\"},\"inLanguage\":\"en-US\",\"potentialAction\":[{\"@type\":\"ReadAction\",\"target\":[\"https:\/\/meremuuseum.100kingitust.ee\/en\/big-toll-raincoat\/\"]}]},{\"@type\":\"ImageObject\",\"inLanguage\":\"en-US\",\"@id\":\"https:\/\/meremuuseum.100kingitust.ee\/en\/big-toll-raincoat\/#primaryimage\",\"url\":\"https:\/\/meremuuseum.100kingitust.ee\/wp-content\/uploads\/2022\/04\/dsc00019_1.jpg\",\"contentUrl\":\"https:\/\/meremuuseum.100kingitust.ee\/wp-content\/uploads\/2022\/04\/dsc00019_1.jpg\",\"width\":400,\"height\":400},{\"@type\":\"BreadcrumbList\",\"@id\":\"https:\/\/meremuuseum.100kingitust.ee\/en\/big-toll-raincoat\/#breadcrumb\",\"itemListElement\":[{\"@type\":\"ListItem\",\"position\":1,\"name\":\"Esileht\",\"item\":\"https:\/\/meremuuseum.100kingitust.ee\/en\/\"},{\"@type\":\"ListItem\",\"position\":2,\"name\":\"Shop\",\"item\":\"https:\/\/meremuuseum.100kingitust.ee\/en\/shop\/\"},{\"@type\":\"ListItem\",\"position\":3,\"name\":\"Big T\u00f5ll raincoat\"}]},{\"@type\":\"WebSite\",\"@id\":\"https:\/\/meremuuseum.100kingitust.ee\/en\/#website\",\"url\":\"https:\/\/meremuuseum.100kingitust.ee\/en\/\",\"name\":\"Maritime Museum Gift Shop\",\"description\":\"Estonian Maritime Museum shop. Nautical gifts and sea themed accessories.\",\"publisher\":{\"@id\":\"https:\/\/meremuuseum.100kingitust.ee\/en\/#organization\"},\"potentialAction\":[{\"@type\":\"SearchAction\",\"target\":{\"@type\":\"EntryPoint\",\"urlTemplate\":\"https:\/\/meremuuseum.100kingitust.ee\/en\/?s={search_term_string}\"},\"query-input\":{\"@type\":\"PropertyValueSpecification\",\"valueRequired\":true,\"valueName\":\"search_term_string\"}}],\"inLanguage\":\"en-US\"},{\"@type\":\"Organization\",\"@id\":\"https:\/\/meremuuseum.100kingitust.ee\/en\/#organization\",\"name\":\"Meremuuseumi e-pood\",\"url\":\"https:\/\/meremuuseum.100kingitust.ee\/en\/\",\"logo\":{\"@type\":\"ImageObject\",\"inLanguage\":\"en-US\",\"@id\":\"https:\/\/meremuuseum.100kingitust.ee\/en\/#\/schema\/logo\/image\/\",\"url\":\"https:\/\/meremuuseum.100kingitust.ee\/wp-content\/uploads\/2022\/03\/cropped-favicon-1.png\",\"contentUrl\":\"https:\/\/meremuuseum.100kingitust.ee\/wp-content\/uploads\/2022\/03\/cropped-favicon-1.png\",\"width\":512,\"height\":512,\"caption\":\"Meremuuseumi e-pood\"},\"image\":{\"@id\":\"https:\/\/meremuuseum.100kingitust.ee\/en\/#\/schema\/logo\/image\/\"},\"sameAs\":[\"https:\/\/www.facebook.com\/100kingitust\"]}]}<\/script>\n<meta property=\"product:price:amount\" content=\"15.90\" \/>\n<meta property=\"product:price:currency\" content=\"EUR\" \/>\n<meta property=\"og:availability\" content=\"out of stock\" \/>\n<meta property=\"product:availability\" content=\"out of stock\" \/>\n<meta property=\"product:retailer_item_id\" content=\"27344\" \/>\n<meta property=\"product:condition\" content=\"new\" \/>\n<!-- \/ Yoast SEO Premium plugin. -->","yoast_head_json":{"title":"Big T\u00f5ll raincoat - Maritime Museum Gift Shop","description":"Lennusadama ja Paks Margareeta e-poest leiad parimad kingiideed meres\u00f5brale, kalamehele. Mereteemalised aksessuaarid","robots":{"index":"index","follow":"follow","max-snippet":"max-snippet:-1","max-image-preview":"max-image-preview:large","max-video-preview":"max-video-preview:-1"},"canonical":"https:\/\/meremuuseum.100kingitust.ee\/en\/big-toll-raincoat\/","og_locale":"en_US","og_type":"article","og_title":"Big T\u00f5ll raincoat","og_description":"Lennusadama ja Paks Margareeta e-poest leiad parimad kingiideed meres\u00f5brale, kalamehele. Mereteemalised aksessuaarid","og_url":"https:\/\/meremuuseum.100kingitust.ee\/en\/big-toll-raincoat\/","og_site_name":"Maritime Museum Gift Shop","article_publisher":"https:\/\/www.facebook.com\/100kingitust","og_image":[{"width":400,"height":400,"url":"https:\/\/meremuuseum.100kingitust.ee\/wp-content\/uploads\/2022\/04\/dsc00019_1.jpg","type":"image\/jpeg"}],"twitter_card":"summary_large_image","twitter_misc":{"Price":"15.90&nbsp;&euro;","Availability":"Out of stock"},"schema":{"@context":"https:\/\/schema.org","@graph":[{"@type":"WebPage","@id":"https:\/\/meremuuseum.100kingitust.ee\/en\/big-toll-raincoat\/","url":"https:\/\/meremuuseum.100kingitust.ee\/en\/big-toll-raincoat\/","name":"Big T\u00f5ll raincoat - Maritime Museum Gift Shop","isPartOf":{"@id":"https:\/\/meremuuseum.100kingitust.ee\/en\/#website"},"primaryImageOfPage":{"@id":"https:\/\/meremuuseum.100kingitust.ee\/en\/big-toll-raincoat\/#primaryimage"},"image":{"@id":"https:\/\/meremuuseum.100kingitust.ee\/en\/big-toll-raincoat\/#primaryimage"},"thumbnailUrl":"https:\/\/meremuuseum.100kingitust.ee\/wp-content\/uploads\/2022\/04\/dsc00019_1.jpg","datePublished":"2022-04-11T07:49:00+00:00","description":"Lennusadama ja Paks Margareeta e-poest leiad parimad kingiideed meres\u00f5brale, kalamehele. Mereteemalised aksessuaarid","breadcrumb":{"@id":"https:\/\/meremuuseum.100kingitust.ee\/en\/big-toll-raincoat\/#breadcrumb"},"inLanguage":"en-US","potentialAction":[{"@type":"ReadAction","target":["https:\/\/meremuuseum.100kingitust.ee\/en\/big-toll-raincoat\/"]}]},{"@type":"ImageObject","inLanguage":"en-US","@id":"https:\/\/meremuuseum.100kingitust.ee\/en\/big-toll-raincoat\/#primaryimage","url":"https:\/\/meremuuseum.100kingitust.ee\/wp-content\/uploads\/2022\/04\/dsc00019_1.jpg","contentUrl":"https:\/\/meremuuseum.100kingitust.ee\/wp-content\/uploads\/2022\/04\/dsc00019_1.jpg","width":400,"height":400},{"@type":"BreadcrumbList","@id":"https:\/\/meremuuseum.100kingitust.ee\/en\/big-toll-raincoat\/#breadcrumb","itemListElement":[{"@type":"ListItem","position":1,"name":"Esileht","item":"https:\/\/meremuuseum.100kingitust.ee\/en\/"},{"@type":"ListItem","position":2,"name":"Shop","item":"https:\/\/meremuuseum.100kingitust.ee\/en\/shop\/"},{"@type":"ListItem","position":3,"name":"Big T\u00f5ll raincoat"}]},{"@type":"WebSite","@id":"https:\/\/meremuuseum.100kingitust.ee\/en\/#website","url":"https:\/\/meremuuseum.100kingitust.ee\/en\/","name":"Maritime Museum Gift Shop","description":"Estonian Maritime Museum shop. Nautical gifts and sea themed accessories.","publisher":{"@id":"https:\/\/meremuuseum.100kingitust.ee\/en\/#organization"},"potentialAction":[{"@type":"SearchAction","target":{"@type":"EntryPoint","urlTemplate":"https:\/\/meremuuseum.100kingitust.ee\/en\/?s={search_term_string}"},"query-input":{"@type":"PropertyValueSpecification","valueRequired":true,"valueName":"search_term_string"}}],"inLanguage":"en-US"},{"@type":"Organization","@id":"https:\/\/meremuuseum.100kingitust.ee\/en\/#organization","name":"Meremuuseumi e-pood","url":"https:\/\/meremuuseum.100kingitust.ee\/en\/","logo":{"@type":"ImageObject","inLanguage":"en-US","@id":"https:\/\/meremuuseum.100kingitust.ee\/en\/#\/schema\/logo\/image\/","url":"https:\/\/meremuuseum.100kingitust.ee\/wp-content\/uploads\/2022\/03\/cropped-favicon-1.png","contentUrl":"https:\/\/meremuuseum.100kingitust.ee\/wp-content\/uploads\/2022\/03\/cropped-favicon-1.png","width":512,"height":512,"caption":"Meremuuseumi e-pood"},"image":{"@id":"https:\/\/meremuuseum.100kingitust.ee\/en\/#\/schema\/logo\/image\/"},"sameAs":["https:\/\/www.facebook.com\/100kingitust"]}]},"product_price_amount":"15.90","product_price_currency":"EUR","og_availability":"out of stock","product_availability":"out of stock","product_retailer_item_id":"27344","product_condition":"new"},"_links":{"self":[{"href":"https:\/\/meremuuseum.100kingitust.ee\/en\/wp-json\/wp\/v2\/product\/1937","targetHints":{"allow":["GET"]}}],"collection":[{"href":"https:\/\/meremuuseum.100kingitust.ee\/en\/wp-json\/wp\/v2\/product"}],"about":[{"href":"https:\/\/meremuuseum.100kingitust.ee\/en\/wp-json\/wp\/v2\/types\/product"}],"wp:featuredmedia":[{"embeddable":true,"href":"https:\/\/meremuuseum.100kingitust.ee\/en\/wp-json\/wp\/v2\/media\/607"}],"wp:attachment":[{"href":"https:\/\/meremuuseum.100kingitust.ee\/en\/wp-json\/wp\/v2\/media?parent=1937"}],"wp:term":[{"taxonomy":"product_brand","embeddable":true,"href":"https:\/\/meremuuseum.100kingitust.ee\/en\/wp-json\/wp\/v2\/product_brand?post=1937"},{"taxonomy":"product_cat","embeddable":true,"href":"https:\/\/meremuuseum.100kingitust.ee\/en\/wp-json\/wp\/v2\/product_cat?post=1937"},{"taxonomy":"product_tag","embeddable":true,"href":"https:\/\/meremuuseum.100kingitust.ee\/en\/wp-json\/wp\/v2\/product_tag?post=1937"}],"curies":[{"name":"wp","href":"https:\/\/api.w.org\/{rel}","templated":true}]}}