{"id":2639,"date":"2022-04-11T09:48:38","date_gmt":"2022-04-11T04:48:38","guid":{"rendered":"https:\/\/meremuuseum.100kingitust.ee\/product\/suur-toll-notebook\/"},"modified":"2022-04-11T09:48:38","modified_gmt":"2022-04-11T07:48:38","slug":"suur-toll-notebook","status":"publish","type":"product","link":"https:\/\/meremuuseum.100kingitust.ee\/en\/suur-toll-notebook\/","title":{"rendered":"Suur T\u00f5ll Notebook"},"content":{"rendered":"<p>Specially designed for the Estonian Maritime Museum black notebook with the picture of Suur T\u00f5ll.<\/p>\n<p>The notebook comes with a pen.<\/p>\n<p>Steam icebreaker Suur T\u00f5ll is the largest surviving steam icebreaker in the world today. The steamer has flown under four flags &#8211; Tsarist Russia, Finland, the Soviet Union and the Republic of Estonia, and has had names such as Tsar Mikhail Fyodorovich, Volyn, W\u00e4in\u00e4m\u00f6inen and Suur T\u00f5ll. The last name that has survived to this day is named after the mythological sailor Saaremaa Suure T\u00f5llu.<\/p>\n<p>Notebook with a special design of the Estonian Maritime Museum.<\/p>\n<p>Designer: Marissa Mutt<\/p>\n","protected":false},"excerpt":{"rendered":"Specially designed for the Estonian Maritime Museum black notebook with the picture of Suur T\u00f5ll. The notebook comes with a pen. Steam icebreaker Suur T\u00f5ll is the largest surviving steam icebreaker in the world today. The steamer has flown under four flags &#8211; Tsarist Russia, Finland, the Soviet Union and the Republic of Estonia, and [&hellip;]","protected":false},"featured_media":582,"template":"","meta":{"_acf_changed":false},"product_brand":[],"product_cat":[42],"product_tag":[],"class_list":{"0":"post-2639","1":"product","2":"type-product","3":"status-publish","4":"has-post-thumbnail","6":"product_cat-gifts","8":"first","9":"outofstock","10":"taxable","11":"shipping-taxable","12":"purchasable","13":"product-type-simple"},"acf":[],"yoast_head":"<!-- This site is optimized with the Yoast SEO Premium plugin v18.4 (Yoast SEO v25.9) - https:\/\/yoast.com\/wordpress\/plugins\/seo\/ -->\n<title>Suur T\u00f5ll Notebook - Meremuuseumi e-pood<\/title>\n<meta name=\"description\" content=\"Lennusadama ja Paks Margareeta e-poest leiad parimad kingiideed meres\u00f5brale, kalamehele. Mereteemalised aksessuaarid\" \/>\n<meta name=\"robots\" content=\"index, follow, max-snippet:-1, max-image-preview:large, max-video-preview:-1\" \/>\n<link rel=\"canonical\" href=\"https:\/\/meremuuseum.100kingitust.ee\/en\/suur-toll-notebook\/\" \/>\n<meta property=\"og:locale\" content=\"en_US\" \/>\n<meta property=\"og:type\" content=\"article\" \/>\n<meta property=\"og:title\" content=\"Suur T\u00f5ll Notebook\" \/>\n<meta property=\"og:description\" content=\"Lennusadama ja Paks Margareeta e-poest leiad parimad kingiideed meres\u00f5brale, kalamehele. Mereteemalised aksessuaarid\" \/>\n<meta property=\"og:url\" content=\"https:\/\/meremuuseum.100kingitust.ee\/en\/suur-toll-notebook\/\" \/>\n<meta property=\"og:site_name\" content=\"Meremuuseumi e-pood\" \/>\n<meta property=\"article:publisher\" content=\"https:\/\/www.facebook.com\/100kingitust\" \/>\n<meta property=\"article:modified_time\" content=\"2022-04-11T07:48:38+00:00\" \/>\n<meta property=\"og:image\" content=\"https:\/\/meremuuseum.100kingitust.ee\/wp-content\/uploads\/2022\/04\/dsc00143.jpg\" \/>\n\t<meta property=\"og:image:width\" content=\"400\" \/>\n\t<meta property=\"og:image:height\" content=\"400\" \/>\n\t<meta property=\"og:image:type\" content=\"image\/jpeg\" \/>\n<meta name=\"twitter:card\" content=\"summary_large_image\" \/>\n<meta name=\"twitter:label1\" content=\"Price\" \/>\n\t<meta name=\"twitter:data1\" content=\"10.90&nbsp;&euro;\" \/>\n\t<meta name=\"twitter:label2\" content=\"Availability\" \/>\n\t<meta name=\"twitter:data2\" content=\"Out of stock\" \/>\n<script type=\"application\/ld+json\" class=\"yoast-schema-graph\">{\"@context\":\"https:\/\/schema.org\",\"@graph\":[{\"@type\":\"WebPage\",\"@id\":\"https:\/\/meremuuseum.100kingitust.ee\/en\/suur-toll-notebook\/\",\"url\":\"https:\/\/meremuuseum.100kingitust.ee\/en\/suur-toll-notebook\/\",\"name\":\"Suur T\u00f5ll Notebook - Meremuuseumi e-pood\",\"isPartOf\":{\"@id\":\"https:\/\/meremuuseum.100kingitust.ee\/en\/#website\"},\"primaryImageOfPage\":{\"@id\":\"https:\/\/meremuuseum.100kingitust.ee\/en\/suur-toll-notebook\/#primaryimage\"},\"image\":{\"@id\":\"https:\/\/meremuuseum.100kingitust.ee\/en\/suur-toll-notebook\/#primaryimage\"},\"thumbnailUrl\":\"https:\/\/meremuuseum.100kingitust.ee\/wp-content\/uploads\/2022\/04\/dsc00143.jpg\",\"datePublished\":\"2022-04-11T04:48:38+00:00\",\"dateModified\":\"2022-04-11T07:48:38+00:00\",\"description\":\"Lennusadama ja Paks Margareeta e-poest leiad parimad kingiideed meres\u00f5brale, kalamehele. Mereteemalised aksessuaarid\",\"breadcrumb\":{\"@id\":\"https:\/\/meremuuseum.100kingitust.ee\/en\/suur-toll-notebook\/#breadcrumb\"},\"inLanguage\":\"en-US\",\"potentialAction\":[{\"@type\":\"ReadAction\",\"target\":[\"https:\/\/meremuuseum.100kingitust.ee\/en\/suur-toll-notebook\/\"]}]},{\"@type\":\"ImageObject\",\"inLanguage\":\"en-US\",\"@id\":\"https:\/\/meremuuseum.100kingitust.ee\/en\/suur-toll-notebook\/#primaryimage\",\"url\":\"https:\/\/meremuuseum.100kingitust.ee\/wp-content\/uploads\/2022\/04\/dsc00143.jpg\",\"contentUrl\":\"https:\/\/meremuuseum.100kingitust.ee\/wp-content\/uploads\/2022\/04\/dsc00143.jpg\",\"width\":400,\"height\":400},{\"@type\":\"BreadcrumbList\",\"@id\":\"https:\/\/meremuuseum.100kingitust.ee\/en\/suur-toll-notebook\/#breadcrumb\",\"itemListElement\":[{\"@type\":\"ListItem\",\"position\":1,\"name\":\"Home\",\"item\":\"https:\/\/meremuuseum.100kingitust.ee\/en\/\"},{\"@type\":\"ListItem\",\"position\":2,\"name\":\"Shop\",\"item\":\"https:\/\/meremuuseum.100kingitust.ee\/en\/shop\/\"},{\"@type\":\"ListItem\",\"position\":3,\"name\":\"Suur T\u00f5ll Notebook\"}]},{\"@type\":\"WebSite\",\"@id\":\"https:\/\/meremuuseum.100kingitust.ee\/en\/#website\",\"url\":\"https:\/\/meremuuseum.100kingitust.ee\/en\/\",\"name\":\"Meremuuseumi e-pood\",\"description\":\"Estonian Maritime Museum shop. Nautical gifts and sea themed accessories.\",\"publisher\":{\"@id\":\"https:\/\/meremuuseum.100kingitust.ee\/en\/#organization\"},\"potentialAction\":[{\"@type\":\"SearchAction\",\"target\":{\"@type\":\"EntryPoint\",\"urlTemplate\":\"https:\/\/meremuuseum.100kingitust.ee\/en\/?s={search_term_string}\"},\"query-input\":{\"@type\":\"PropertyValueSpecification\",\"valueRequired\":true,\"valueName\":\"search_term_string\"}}],\"inLanguage\":\"en-US\"},{\"@type\":\"Organization\",\"@id\":\"https:\/\/meremuuseum.100kingitust.ee\/en\/#organization\",\"name\":\"Maritime Museumshop\",\"url\":\"https:\/\/meremuuseum.100kingitust.ee\/en\/\",\"logo\":{\"@type\":\"ImageObject\",\"inLanguage\":\"en-US\",\"@id\":\"https:\/\/meremuuseum.100kingitust.ee\/en\/#\/schema\/logo\/image\/\",\"url\":\"https:\/\/meremuuseum.100kingitust.ee\/wp-content\/uploads\/2022\/03\/cropped-favicon-1.png\",\"contentUrl\":\"https:\/\/meremuuseum.100kingitust.ee\/wp-content\/uploads\/2022\/03\/cropped-favicon-1.png\",\"width\":512,\"height\":512,\"caption\":\"Maritime Museumshop\"},\"image\":{\"@id\":\"https:\/\/meremuuseum.100kingitust.ee\/en\/#\/schema\/logo\/image\/\"},\"sameAs\":[\"https:\/\/www.facebook.com\/100kingitust\"]}]}<\/script>\n<meta property=\"product:price:amount\" content=\"10.90\" \/>\n<meta property=\"product:price:currency\" content=\"EUR\" \/>\n<meta property=\"og:availability\" content=\"out of stock\" \/>\n<meta property=\"product:availability\" content=\"out of stock\" \/>\n<meta property=\"product:retailer_item_id\" content=\"27349\" \/>\n<meta property=\"product:condition\" content=\"new\" \/>\n<!-- \/ Yoast SEO Premium plugin. -->","yoast_head_json":{"title":"Suur T\u00f5ll Notebook - Meremuuseumi e-pood","description":"Lennusadama ja Paks Margareeta e-poest leiad parimad kingiideed meres\u00f5brale, kalamehele. Mereteemalised aksessuaarid","robots":{"index":"index","follow":"follow","max-snippet":"max-snippet:-1","max-image-preview":"max-image-preview:large","max-video-preview":"max-video-preview:-1"},"canonical":"https:\/\/meremuuseum.100kingitust.ee\/en\/suur-toll-notebook\/","og_locale":"en_US","og_type":"article","og_title":"Suur T\u00f5ll Notebook","og_description":"Lennusadama ja Paks Margareeta e-poest leiad parimad kingiideed meres\u00f5brale, kalamehele. Mereteemalised aksessuaarid","og_url":"https:\/\/meremuuseum.100kingitust.ee\/en\/suur-toll-notebook\/","og_site_name":"Meremuuseumi e-pood","article_publisher":"https:\/\/www.facebook.com\/100kingitust","article_modified_time":"2022-04-11T07:48:38+00:00","og_image":[{"width":400,"height":400,"url":"https:\/\/meremuuseum.100kingitust.ee\/wp-content\/uploads\/2022\/04\/dsc00143.jpg","type":"image\/jpeg"}],"twitter_card":"summary_large_image","twitter_misc":{"Price":"10.90&nbsp;&euro;","Availability":"Out of stock"},"schema":{"@context":"https:\/\/schema.org","@graph":[{"@type":"WebPage","@id":"https:\/\/meremuuseum.100kingitust.ee\/en\/suur-toll-notebook\/","url":"https:\/\/meremuuseum.100kingitust.ee\/en\/suur-toll-notebook\/","name":"Suur T\u00f5ll Notebook - Meremuuseumi e-pood","isPartOf":{"@id":"https:\/\/meremuuseum.100kingitust.ee\/en\/#website"},"primaryImageOfPage":{"@id":"https:\/\/meremuuseum.100kingitust.ee\/en\/suur-toll-notebook\/#primaryimage"},"image":{"@id":"https:\/\/meremuuseum.100kingitust.ee\/en\/suur-toll-notebook\/#primaryimage"},"thumbnailUrl":"https:\/\/meremuuseum.100kingitust.ee\/wp-content\/uploads\/2022\/04\/dsc00143.jpg","datePublished":"2022-04-11T04:48:38+00:00","dateModified":"2022-04-11T07:48:38+00:00","description":"Lennusadama ja Paks Margareeta e-poest leiad parimad kingiideed meres\u00f5brale, kalamehele. Mereteemalised aksessuaarid","breadcrumb":{"@id":"https:\/\/meremuuseum.100kingitust.ee\/en\/suur-toll-notebook\/#breadcrumb"},"inLanguage":"en-US","potentialAction":[{"@type":"ReadAction","target":["https:\/\/meremuuseum.100kingitust.ee\/en\/suur-toll-notebook\/"]}]},{"@type":"ImageObject","inLanguage":"en-US","@id":"https:\/\/meremuuseum.100kingitust.ee\/en\/suur-toll-notebook\/#primaryimage","url":"https:\/\/meremuuseum.100kingitust.ee\/wp-content\/uploads\/2022\/04\/dsc00143.jpg","contentUrl":"https:\/\/meremuuseum.100kingitust.ee\/wp-content\/uploads\/2022\/04\/dsc00143.jpg","width":400,"height":400},{"@type":"BreadcrumbList","@id":"https:\/\/meremuuseum.100kingitust.ee\/en\/suur-toll-notebook\/#breadcrumb","itemListElement":[{"@type":"ListItem","position":1,"name":"Home","item":"https:\/\/meremuuseum.100kingitust.ee\/en\/"},{"@type":"ListItem","position":2,"name":"Shop","item":"https:\/\/meremuuseum.100kingitust.ee\/en\/shop\/"},{"@type":"ListItem","position":3,"name":"Suur T\u00f5ll Notebook"}]},{"@type":"WebSite","@id":"https:\/\/meremuuseum.100kingitust.ee\/en\/#website","url":"https:\/\/meremuuseum.100kingitust.ee\/en\/","name":"Meremuuseumi e-pood","description":"Estonian Maritime Museum shop. Nautical gifts and sea themed accessories.","publisher":{"@id":"https:\/\/meremuuseum.100kingitust.ee\/en\/#organization"},"potentialAction":[{"@type":"SearchAction","target":{"@type":"EntryPoint","urlTemplate":"https:\/\/meremuuseum.100kingitust.ee\/en\/?s={search_term_string}"},"query-input":{"@type":"PropertyValueSpecification","valueRequired":true,"valueName":"search_term_string"}}],"inLanguage":"en-US"},{"@type":"Organization","@id":"https:\/\/meremuuseum.100kingitust.ee\/en\/#organization","name":"Maritime Museumshop","url":"https:\/\/meremuuseum.100kingitust.ee\/en\/","logo":{"@type":"ImageObject","inLanguage":"en-US","@id":"https:\/\/meremuuseum.100kingitust.ee\/en\/#\/schema\/logo\/image\/","url":"https:\/\/meremuuseum.100kingitust.ee\/wp-content\/uploads\/2022\/03\/cropped-favicon-1.png","contentUrl":"https:\/\/meremuuseum.100kingitust.ee\/wp-content\/uploads\/2022\/03\/cropped-favicon-1.png","width":512,"height":512,"caption":"Maritime Museumshop"},"image":{"@id":"https:\/\/meremuuseum.100kingitust.ee\/en\/#\/schema\/logo\/image\/"},"sameAs":["https:\/\/www.facebook.com\/100kingitust"]}]},"product_price_amount":"10.90","product_price_currency":"EUR","og_availability":"out of stock","product_availability":"out of stock","product_retailer_item_id":"27349","product_condition":"new"},"_links":{"self":[{"href":"https:\/\/meremuuseum.100kingitust.ee\/en\/wp-json\/wp\/v2\/product\/2639","targetHints":{"allow":["GET"]}}],"collection":[{"href":"https:\/\/meremuuseum.100kingitust.ee\/en\/wp-json\/wp\/v2\/product"}],"about":[{"href":"https:\/\/meremuuseum.100kingitust.ee\/en\/wp-json\/wp\/v2\/types\/product"}],"wp:featuredmedia":[{"embeddable":true,"href":"https:\/\/meremuuseum.100kingitust.ee\/en\/wp-json\/wp\/v2\/media\/582"}],"wp:attachment":[{"href":"https:\/\/meremuuseum.100kingitust.ee\/en\/wp-json\/wp\/v2\/media?parent=2639"}],"wp:term":[{"taxonomy":"product_brand","embeddable":true,"href":"https:\/\/meremuuseum.100kingitust.ee\/en\/wp-json\/wp\/v2\/product_brand?post=2639"},{"taxonomy":"product_cat","embeddable":true,"href":"https:\/\/meremuuseum.100kingitust.ee\/en\/wp-json\/wp\/v2\/product_cat?post=2639"},{"taxonomy":"product_tag","embeddable":true,"href":"https:\/\/meremuuseum.100kingitust.ee\/en\/wp-json\/wp\/v2\/product_tag?post=2639"}],"curies":[{"name":"wp","href":"https:\/\/api.w.org\/{rel}","templated":true}]}}