{"id":2651,"date":"2022-04-11T10:03:05","date_gmt":"2022-04-11T08:03:05","guid":{"rendered":"https:\/\/meremuuseum.100kingitust.ee\/product\/veealuse-maailma-ohtuopik-book\/"},"modified":"2022-04-11T10:03:05","modified_gmt":"2022-04-11T08:03:05","slug":"veealuse-maailma-ohtuopik-book","status":"publish","type":"product","link":"https:\/\/meremuuseum.100kingitust.ee\/en\/veealuse-maailma-ohtuopik-book\/","title":{"rendered":"&#8220;Veealuse maailma \u00f5htu\u00f5pik&#8221; book"},"content":{"rendered":"<p>The purpose of &#8220;Veealuse maailma \u00f5htu\u00f5pik&#8221; is to bring the exciting world of the world&#8217;s marine sciences to the reader in an interesting and playful way and to talk about what lies beneath the (water) surface. From the point of view of experts and enthusiasts in their field, you can get acquainted with five disciplines. The book helps to decipher marine archeology and underwater cultural heritage, talking about shipwrecks and much more that can be found underwater. There is also stories of marine geology and marine biology.<\/p>\n<p><strong>Authors<\/strong>:\u00a0 Arno P\u00f5llum\u00e4e, Kirill Anjutin, Vladimir Karpi, Liisa Randmaa, Kalle-Mart Suuroja, Kai Salm<\/p>\n<p><strong>Pages: <\/strong>256<\/p>\n<p><strong>Publisher<\/strong>:\u00a0 Hea Lugu and the Estonian Maritime Museum<\/p>\n<p><strong>Date of publication: <\/strong>2020<\/p>\n<p><strong>Language<\/strong>: Estonian<\/p>\n","protected":false},"excerpt":{"rendered":"The purpose of &#8220;Veealuse maailma \u00f5htu\u00f5pik&#8221; is to bring the exciting world of the world&#8217;s marine sciences to the reader in an interesting and playful way and to talk about what lies beneath the (water) surface. From the point of view of experts and enthusiasts in their field, you can get acquainted with five disciplines. [&hellip;]","protected":false},"featured_media":1101,"template":"","meta":{"_acf_changed":false},"product_brand":[],"product_cat":[215,45],"product_tag":[],"class_list":{"0":"post-2651","1":"product","2":"type-product","3":"status-publish","4":"has-post-thumbnail","6":"product_cat-meremuuseumi-raamatud-en","7":"product_cat-books","9":"first","10":"instock","11":"taxable","12":"shipping-taxable","13":"purchasable","14":"product-type-simple"},"acf":[],"yoast_head":"<!-- This site is optimized with the Yoast SEO Premium plugin v18.4 (Yoast SEO v25.9) - https:\/\/yoast.com\/wordpress\/plugins\/seo\/ -->\n<title>&quot;Veealuse maailma \u00f5htu\u00f5pik&quot; book - Maritime Museum Gift Shop<\/title>\n<meta name=\"description\" content=\"Lennusadama ja Paks Margareeta e-poest leiad parimad kingiideed meres\u00f5brale, kalamehele. Mereteemalised aksessuaarid\" \/>\n<meta name=\"robots\" content=\"index, follow, max-snippet:-1, max-image-preview:large, max-video-preview:-1\" \/>\n<link rel=\"canonical\" href=\"https:\/\/meremuuseum.100kingitust.ee\/en\/veealuse-maailma-ohtuopik-book\/\" \/>\n<meta property=\"og:locale\" content=\"en_US\" \/>\n<meta property=\"og:type\" content=\"article\" \/>\n<meta property=\"og:title\" content=\"&quot;Veealuse maailma \u00f5htu\u00f5pik&quot; book\" \/>\n<meta property=\"og:description\" content=\"Lennusadama ja Paks Margareeta e-poest leiad parimad kingiideed meres\u00f5brale, kalamehele. Mereteemalised aksessuaarid\" \/>\n<meta property=\"og:url\" content=\"https:\/\/meremuuseum.100kingitust.ee\/en\/veealuse-maailma-ohtuopik-book\/\" \/>\n<meta property=\"og:site_name\" content=\"Maritime Museum Gift Shop\" \/>\n<meta property=\"article:publisher\" content=\"https:\/\/www.facebook.com\/100kingitust\" \/>\n<meta property=\"og:image\" content=\"https:\/\/meremuuseum.100kingitust.ee\/wp-content\/uploads\/2022\/04\/screenshot-2021-05-20-at-15.05.05.png\" \/>\n\t<meta property=\"og:image:width\" content=\"812\" \/>\n\t<meta property=\"og:image:height\" content=\"1174\" \/>\n\t<meta property=\"og:image:type\" content=\"image\/png\" \/>\n<meta name=\"twitter:card\" content=\"summary_large_image\" \/>\n<meta name=\"twitter:label1\" content=\"Price\" \/>\n\t<meta name=\"twitter:data1\" content=\"19.00&nbsp;&euro;\" \/>\n\t<meta name=\"twitter:label2\" content=\"Availability\" \/>\n\t<meta name=\"twitter:data2\" content=\"In stock\" \/>\n<script type=\"application\/ld+json\" class=\"yoast-schema-graph\">{\"@context\":\"https:\/\/schema.org\",\"@graph\":[{\"@type\":\"WebPage\",\"@id\":\"https:\/\/meremuuseum.100kingitust.ee\/en\/veealuse-maailma-ohtuopik-book\/\",\"url\":\"https:\/\/meremuuseum.100kingitust.ee\/en\/veealuse-maailma-ohtuopik-book\/\",\"name\":\"\\\"Veealuse maailma \u00f5htu\u00f5pik\\\" book - Maritime Museum Gift Shop\",\"isPartOf\":{\"@id\":\"https:\/\/meremuuseum.100kingitust.ee\/en\/#website\"},\"primaryImageOfPage\":{\"@id\":\"https:\/\/meremuuseum.100kingitust.ee\/en\/veealuse-maailma-ohtuopik-book\/#primaryimage\"},\"image\":{\"@id\":\"https:\/\/meremuuseum.100kingitust.ee\/en\/veealuse-maailma-ohtuopik-book\/#primaryimage\"},\"thumbnailUrl\":\"https:\/\/meremuuseum.100kingitust.ee\/wp-content\/uploads\/2022\/04\/screenshot-2021-05-20-at-15.05.05.png\",\"datePublished\":\"2022-04-11T08:03:05+00:00\",\"description\":\"Lennusadama ja Paks Margareeta e-poest leiad parimad kingiideed meres\u00f5brale, kalamehele. Mereteemalised aksessuaarid\",\"breadcrumb\":{\"@id\":\"https:\/\/meremuuseum.100kingitust.ee\/en\/veealuse-maailma-ohtuopik-book\/#breadcrumb\"},\"inLanguage\":\"en-US\",\"potentialAction\":[{\"@type\":\"ReadAction\",\"target\":[\"https:\/\/meremuuseum.100kingitust.ee\/en\/veealuse-maailma-ohtuopik-book\/\"]}]},{\"@type\":\"ImageObject\",\"inLanguage\":\"en-US\",\"@id\":\"https:\/\/meremuuseum.100kingitust.ee\/en\/veealuse-maailma-ohtuopik-book\/#primaryimage\",\"url\":\"https:\/\/meremuuseum.100kingitust.ee\/wp-content\/uploads\/2022\/04\/screenshot-2021-05-20-at-15.05.05.png\",\"contentUrl\":\"https:\/\/meremuuseum.100kingitust.ee\/wp-content\/uploads\/2022\/04\/screenshot-2021-05-20-at-15.05.05.png\",\"width\":812,\"height\":1174},{\"@type\":\"BreadcrumbList\",\"@id\":\"https:\/\/meremuuseum.100kingitust.ee\/en\/veealuse-maailma-ohtuopik-book\/#breadcrumb\",\"itemListElement\":[{\"@type\":\"ListItem\",\"position\":1,\"name\":\"Esileht\",\"item\":\"https:\/\/meremuuseum.100kingitust.ee\/en\/\"},{\"@type\":\"ListItem\",\"position\":2,\"name\":\"Shop\",\"item\":\"https:\/\/meremuuseum.100kingitust.ee\/en\/shop\/\"},{\"@type\":\"ListItem\",\"position\":3,\"name\":\"&#8220;Veealuse maailma \u00f5htu\u00f5pik&#8221; book\"}]},{\"@type\":\"WebSite\",\"@id\":\"https:\/\/meremuuseum.100kingitust.ee\/en\/#website\",\"url\":\"https:\/\/meremuuseum.100kingitust.ee\/en\/\",\"name\":\"Maritime Museum Gift Shop\",\"description\":\"Estonian Maritime Museum shop. Nautical gifts and sea themed accessories.\",\"publisher\":{\"@id\":\"https:\/\/meremuuseum.100kingitust.ee\/en\/#organization\"},\"potentialAction\":[{\"@type\":\"SearchAction\",\"target\":{\"@type\":\"EntryPoint\",\"urlTemplate\":\"https:\/\/meremuuseum.100kingitust.ee\/en\/?s={search_term_string}\"},\"query-input\":{\"@type\":\"PropertyValueSpecification\",\"valueRequired\":true,\"valueName\":\"search_term_string\"}}],\"inLanguage\":\"en-US\"},{\"@type\":\"Organization\",\"@id\":\"https:\/\/meremuuseum.100kingitust.ee\/en\/#organization\",\"name\":\"Meremuuseumi e-pood\",\"url\":\"https:\/\/meremuuseum.100kingitust.ee\/en\/\",\"logo\":{\"@type\":\"ImageObject\",\"inLanguage\":\"en-US\",\"@id\":\"https:\/\/meremuuseum.100kingitust.ee\/en\/#\/schema\/logo\/image\/\",\"url\":\"https:\/\/meremuuseum.100kingitust.ee\/wp-content\/uploads\/2022\/03\/cropped-favicon-1.png\",\"contentUrl\":\"https:\/\/meremuuseum.100kingitust.ee\/wp-content\/uploads\/2022\/03\/cropped-favicon-1.png\",\"width\":512,\"height\":512,\"caption\":\"Meremuuseumi e-pood\"},\"image\":{\"@id\":\"https:\/\/meremuuseum.100kingitust.ee\/en\/#\/schema\/logo\/image\/\"},\"sameAs\":[\"https:\/\/www.facebook.com\/100kingitust\"]}]}<\/script>\n<meta property=\"product:price:amount\" content=\"19.00\" \/>\n<meta property=\"product:price:currency\" content=\"EUR\" \/>\n<meta property=\"og:availability\" content=\"instock\" \/>\n<meta property=\"product:availability\" content=\"instock\" \/>\n<meta property=\"product:retailer_item_id\" content=\"1518\" \/>\n<meta property=\"product:condition\" content=\"new\" \/>\n<!-- \/ Yoast SEO Premium plugin. -->","yoast_head_json":{"title":"\"Veealuse maailma \u00f5htu\u00f5pik\" book - Maritime Museum Gift Shop","description":"Lennusadama ja Paks Margareeta e-poest leiad parimad kingiideed meres\u00f5brale, kalamehele. Mereteemalised aksessuaarid","robots":{"index":"index","follow":"follow","max-snippet":"max-snippet:-1","max-image-preview":"max-image-preview:large","max-video-preview":"max-video-preview:-1"},"canonical":"https:\/\/meremuuseum.100kingitust.ee\/en\/veealuse-maailma-ohtuopik-book\/","og_locale":"en_US","og_type":"article","og_title":"\"Veealuse maailma \u00f5htu\u00f5pik\" book","og_description":"Lennusadama ja Paks Margareeta e-poest leiad parimad kingiideed meres\u00f5brale, kalamehele. Mereteemalised aksessuaarid","og_url":"https:\/\/meremuuseum.100kingitust.ee\/en\/veealuse-maailma-ohtuopik-book\/","og_site_name":"Maritime Museum Gift Shop","article_publisher":"https:\/\/www.facebook.com\/100kingitust","og_image":[{"width":812,"height":1174,"url":"https:\/\/meremuuseum.100kingitust.ee\/wp-content\/uploads\/2022\/04\/screenshot-2021-05-20-at-15.05.05.png","type":"image\/png"}],"twitter_card":"summary_large_image","twitter_misc":{"Price":"19.00&nbsp;&euro;","Availability":"In stock"},"schema":{"@context":"https:\/\/schema.org","@graph":[{"@type":"WebPage","@id":"https:\/\/meremuuseum.100kingitust.ee\/en\/veealuse-maailma-ohtuopik-book\/","url":"https:\/\/meremuuseum.100kingitust.ee\/en\/veealuse-maailma-ohtuopik-book\/","name":"\"Veealuse maailma \u00f5htu\u00f5pik\" book - Maritime Museum Gift Shop","isPartOf":{"@id":"https:\/\/meremuuseum.100kingitust.ee\/en\/#website"},"primaryImageOfPage":{"@id":"https:\/\/meremuuseum.100kingitust.ee\/en\/veealuse-maailma-ohtuopik-book\/#primaryimage"},"image":{"@id":"https:\/\/meremuuseum.100kingitust.ee\/en\/veealuse-maailma-ohtuopik-book\/#primaryimage"},"thumbnailUrl":"https:\/\/meremuuseum.100kingitust.ee\/wp-content\/uploads\/2022\/04\/screenshot-2021-05-20-at-15.05.05.png","datePublished":"2022-04-11T08:03:05+00:00","description":"Lennusadama ja Paks Margareeta e-poest leiad parimad kingiideed meres\u00f5brale, kalamehele. Mereteemalised aksessuaarid","breadcrumb":{"@id":"https:\/\/meremuuseum.100kingitust.ee\/en\/veealuse-maailma-ohtuopik-book\/#breadcrumb"},"inLanguage":"en-US","potentialAction":[{"@type":"ReadAction","target":["https:\/\/meremuuseum.100kingitust.ee\/en\/veealuse-maailma-ohtuopik-book\/"]}]},{"@type":"ImageObject","inLanguage":"en-US","@id":"https:\/\/meremuuseum.100kingitust.ee\/en\/veealuse-maailma-ohtuopik-book\/#primaryimage","url":"https:\/\/meremuuseum.100kingitust.ee\/wp-content\/uploads\/2022\/04\/screenshot-2021-05-20-at-15.05.05.png","contentUrl":"https:\/\/meremuuseum.100kingitust.ee\/wp-content\/uploads\/2022\/04\/screenshot-2021-05-20-at-15.05.05.png","width":812,"height":1174},{"@type":"BreadcrumbList","@id":"https:\/\/meremuuseum.100kingitust.ee\/en\/veealuse-maailma-ohtuopik-book\/#breadcrumb","itemListElement":[{"@type":"ListItem","position":1,"name":"Esileht","item":"https:\/\/meremuuseum.100kingitust.ee\/en\/"},{"@type":"ListItem","position":2,"name":"Shop","item":"https:\/\/meremuuseum.100kingitust.ee\/en\/shop\/"},{"@type":"ListItem","position":3,"name":"&#8220;Veealuse maailma \u00f5htu\u00f5pik&#8221; book"}]},{"@type":"WebSite","@id":"https:\/\/meremuuseum.100kingitust.ee\/en\/#website","url":"https:\/\/meremuuseum.100kingitust.ee\/en\/","name":"Maritime Museum Gift Shop","description":"Estonian Maritime Museum shop. Nautical gifts and sea themed accessories.","publisher":{"@id":"https:\/\/meremuuseum.100kingitust.ee\/en\/#organization"},"potentialAction":[{"@type":"SearchAction","target":{"@type":"EntryPoint","urlTemplate":"https:\/\/meremuuseum.100kingitust.ee\/en\/?s={search_term_string}"},"query-input":{"@type":"PropertyValueSpecification","valueRequired":true,"valueName":"search_term_string"}}],"inLanguage":"en-US"},{"@type":"Organization","@id":"https:\/\/meremuuseum.100kingitust.ee\/en\/#organization","name":"Meremuuseumi e-pood","url":"https:\/\/meremuuseum.100kingitust.ee\/en\/","logo":{"@type":"ImageObject","inLanguage":"en-US","@id":"https:\/\/meremuuseum.100kingitust.ee\/en\/#\/schema\/logo\/image\/","url":"https:\/\/meremuuseum.100kingitust.ee\/wp-content\/uploads\/2022\/03\/cropped-favicon-1.png","contentUrl":"https:\/\/meremuuseum.100kingitust.ee\/wp-content\/uploads\/2022\/03\/cropped-favicon-1.png","width":512,"height":512,"caption":"Meremuuseumi e-pood"},"image":{"@id":"https:\/\/meremuuseum.100kingitust.ee\/en\/#\/schema\/logo\/image\/"},"sameAs":["https:\/\/www.facebook.com\/100kingitust"]}]},"product_price_amount":"19.00","product_price_currency":"EUR","og_availability":"instock","product_availability":"instock","product_retailer_item_id":"1518","product_condition":"new"},"_links":{"self":[{"href":"https:\/\/meremuuseum.100kingitust.ee\/en\/wp-json\/wp\/v2\/product\/2651","targetHints":{"allow":["GET"]}}],"collection":[{"href":"https:\/\/meremuuseum.100kingitust.ee\/en\/wp-json\/wp\/v2\/product"}],"about":[{"href":"https:\/\/meremuuseum.100kingitust.ee\/en\/wp-json\/wp\/v2\/types\/product"}],"wp:featuredmedia":[{"embeddable":true,"href":"https:\/\/meremuuseum.100kingitust.ee\/en\/wp-json\/wp\/v2\/media\/1101"}],"wp:attachment":[{"href":"https:\/\/meremuuseum.100kingitust.ee\/en\/wp-json\/wp\/v2\/media?parent=2651"}],"wp:term":[{"taxonomy":"product_brand","embeddable":true,"href":"https:\/\/meremuuseum.100kingitust.ee\/en\/wp-json\/wp\/v2\/product_brand?post=2651"},{"taxonomy":"product_cat","embeddable":true,"href":"https:\/\/meremuuseum.100kingitust.ee\/en\/wp-json\/wp\/v2\/product_cat?post=2651"},{"taxonomy":"product_tag","embeddable":true,"href":"https:\/\/meremuuseum.100kingitust.ee\/en\/wp-json\/wp\/v2\/product_tag?post=2651"}],"curies":[{"name":"wp","href":"https:\/\/api.w.org\/{rel}","templated":true}]}}