{"id":2944,"date":"2022-04-26T21:12:46","date_gmt":"2022-04-26T19:12:46","guid":{"rendered":"https:\/\/meremuuseum.100kingitust.ee\/product\/suur-toll-metal-ship-model\/"},"modified":"2022-04-26T21:12:46","modified_gmt":"2022-04-26T19:12:46","slug":"suur-toll-metal-ship-model","status":"publish","type":"product","link":"https:\/\/meremuuseum.100kingitust.ee\/en\/suur-toll-metal-ship-model\/","title":{"rendered":"SUUR T\u00d5LL metal ship model"},"content":{"rendered":"<p>The steam icebreaker Suur T\u00f5ll is standing at the quay in Lennusadam. This oldest and most dignified museum ship in Estonia is one of the three surviving steam icebreakers in the Baltic Sea at the beginning of the 20th century. The ship was built in 1914 at the Vulcan Werke AG shipyard in Stettin, Imperial Germany (now Szczecin, Poland). The steamer, once one of the most powerful icebreakers in the world, has flown under the flags of Tsarist Russia, Finland, the Soviet Union and the Republic of Estonia and has been named Tsar Mikhail Fyodorovich, Volyn, W\u00e4in\u00e4m\u00f6inen and Suur T\u00f5ll.<\/p>\n<p>Suur T\u00f5ll metal ship model on a stone base.<br \/>\nDimensions: ca. 10 x 7 cm.<br \/>\nMaterial: metal, stone<\/p>\n","protected":false},"excerpt":{"rendered":"The steam icebreaker Suur T\u00f5ll is standing at the quay in Lennusadam. This oldest and most dignified museum ship in Estonia is one of the three surviving steam icebreakers in the Baltic Sea at the beginning of the 20th century. The ship was built in 1914 at the Vulcan Werke AG shipyard in Stettin, Imperial [&hellip;]","protected":false},"featured_media":2943,"template":"","meta":{"_acf_changed":false},"product_brand":[],"product_cat":[42,184,115],"product_tag":[],"class_list":{"0":"post-2944","1":"product","2":"type-product","3":"status-publish","4":"has-post-thumbnail","6":"product_cat-gifts","7":"product_cat-model-ships","8":"product_cat-home","10":"first","11":"outofstock","12":"taxable","13":"shipping-taxable","14":"purchasable","15":"product-type-simple"},"acf":[],"yoast_head":"<!-- This site is optimized with the Yoast SEO Premium plugin v18.4 (Yoast SEO v25.9) - https:\/\/yoast.com\/wordpress\/plugins\/seo\/ -->\n<title>SUUR T\u00d5LL metal ship model - Maritime Museum Gift Shop<\/title>\n<meta name=\"description\" content=\"Lennusadama ja Paks Margareeta e-poest leiad parimad kingiideed meres\u00f5brale, kalamehele. Mereteemalised aksessuaarid\" \/>\n<meta name=\"robots\" content=\"index, follow, max-snippet:-1, max-image-preview:large, max-video-preview:-1\" \/>\n<link rel=\"canonical\" href=\"https:\/\/meremuuseum.100kingitust.ee\/en\/suur-toll-metal-ship-model\/\" \/>\n<meta property=\"og:locale\" content=\"en_US\" \/>\n<meta property=\"og:type\" content=\"article\" \/>\n<meta property=\"og:title\" content=\"SUUR T\u00d5LL metal ship model\" \/>\n<meta property=\"og:description\" content=\"Lennusadama ja Paks Margareeta e-poest leiad parimad kingiideed meres\u00f5brale, kalamehele. Mereteemalised aksessuaarid\" \/>\n<meta property=\"og:url\" content=\"https:\/\/meremuuseum.100kingitust.ee\/en\/suur-toll-metal-ship-model\/\" \/>\n<meta property=\"og:site_name\" content=\"Maritime Museum Gift Shop\" \/>\n<meta property=\"article:publisher\" content=\"https:\/\/www.facebook.com\/100kingitust\" \/>\n<meta property=\"og:image\" content=\"https:\/\/meremuuseum.100kingitust.ee\/wp-content\/uploads\/2022\/04\/SUURTOLLlaevamudel.png\" \/>\n\t<meta property=\"og:image:width\" content=\"736\" \/>\n\t<meta property=\"og:image:height\" content=\"642\" \/>\n\t<meta property=\"og:image:type\" content=\"image\/png\" \/>\n<meta name=\"twitter:card\" content=\"summary_large_image\" \/>\n<meta name=\"twitter:label1\" content=\"Price\" \/>\n\t<meta name=\"twitter:data1\" content=\"45.00&nbsp;&euro;\" \/>\n\t<meta name=\"twitter:label2\" content=\"Availability\" \/>\n\t<meta name=\"twitter:data2\" content=\"Out of stock\" \/>\n<script type=\"application\/ld+json\" class=\"yoast-schema-graph\">{\"@context\":\"https:\/\/schema.org\",\"@graph\":[{\"@type\":\"WebPage\",\"@id\":\"https:\/\/meremuuseum.100kingitust.ee\/en\/suur-toll-metal-ship-model\/\",\"url\":\"https:\/\/meremuuseum.100kingitust.ee\/en\/suur-toll-metal-ship-model\/\",\"name\":\"SUUR T\u00d5LL metal ship model - Maritime Museum Gift Shop\",\"isPartOf\":{\"@id\":\"https:\/\/meremuuseum.100kingitust.ee\/en\/#website\"},\"primaryImageOfPage\":{\"@id\":\"https:\/\/meremuuseum.100kingitust.ee\/en\/suur-toll-metal-ship-model\/#primaryimage\"},\"image\":{\"@id\":\"https:\/\/meremuuseum.100kingitust.ee\/en\/suur-toll-metal-ship-model\/#primaryimage\"},\"thumbnailUrl\":\"https:\/\/meremuuseum.100kingitust.ee\/wp-content\/uploads\/2022\/04\/SUURTOLLlaevamudel.png\",\"datePublished\":\"2022-04-26T19:12:46+00:00\",\"description\":\"Lennusadama ja Paks Margareeta e-poest leiad parimad kingiideed meres\u00f5brale, kalamehele. Mereteemalised aksessuaarid\",\"breadcrumb\":{\"@id\":\"https:\/\/meremuuseum.100kingitust.ee\/en\/suur-toll-metal-ship-model\/#breadcrumb\"},\"inLanguage\":\"en-US\",\"potentialAction\":[{\"@type\":\"ReadAction\",\"target\":[\"https:\/\/meremuuseum.100kingitust.ee\/en\/suur-toll-metal-ship-model\/\"]}]},{\"@type\":\"ImageObject\",\"inLanguage\":\"en-US\",\"@id\":\"https:\/\/meremuuseum.100kingitust.ee\/en\/suur-toll-metal-ship-model\/#primaryimage\",\"url\":\"https:\/\/meremuuseum.100kingitust.ee\/wp-content\/uploads\/2022\/04\/SUURTOLLlaevamudel.png\",\"contentUrl\":\"https:\/\/meremuuseum.100kingitust.ee\/wp-content\/uploads\/2022\/04\/SUURTOLLlaevamudel.png\",\"width\":736,\"height\":642,\"caption\":\"suur-toll-metal-ship-model\"},{\"@type\":\"BreadcrumbList\",\"@id\":\"https:\/\/meremuuseum.100kingitust.ee\/en\/suur-toll-metal-ship-model\/#breadcrumb\",\"itemListElement\":[{\"@type\":\"ListItem\",\"position\":1,\"name\":\"Esileht\",\"item\":\"https:\/\/meremuuseum.100kingitust.ee\/en\/\"},{\"@type\":\"ListItem\",\"position\":2,\"name\":\"Shop\",\"item\":\"https:\/\/meremuuseum.100kingitust.ee\/en\/shop\/\"},{\"@type\":\"ListItem\",\"position\":3,\"name\":\"SUUR T\u00d5LL metal ship model\"}]},{\"@type\":\"WebSite\",\"@id\":\"https:\/\/meremuuseum.100kingitust.ee\/en\/#website\",\"url\":\"https:\/\/meremuuseum.100kingitust.ee\/en\/\",\"name\":\"Maritime Museum Gift Shop\",\"description\":\"Estonian Maritime Museum shop. Nautical gifts and sea themed accessories.\",\"publisher\":{\"@id\":\"https:\/\/meremuuseum.100kingitust.ee\/en\/#organization\"},\"potentialAction\":[{\"@type\":\"SearchAction\",\"target\":{\"@type\":\"EntryPoint\",\"urlTemplate\":\"https:\/\/meremuuseum.100kingitust.ee\/en\/?s={search_term_string}\"},\"query-input\":{\"@type\":\"PropertyValueSpecification\",\"valueRequired\":true,\"valueName\":\"search_term_string\"}}],\"inLanguage\":\"en-US\"},{\"@type\":\"Organization\",\"@id\":\"https:\/\/meremuuseum.100kingitust.ee\/en\/#organization\",\"name\":\"Meremuuseumi e-pood\",\"url\":\"https:\/\/meremuuseum.100kingitust.ee\/en\/\",\"logo\":{\"@type\":\"ImageObject\",\"inLanguage\":\"en-US\",\"@id\":\"https:\/\/meremuuseum.100kingitust.ee\/en\/#\/schema\/logo\/image\/\",\"url\":\"https:\/\/meremuuseum.100kingitust.ee\/wp-content\/uploads\/2022\/03\/cropped-favicon-1.png\",\"contentUrl\":\"https:\/\/meremuuseum.100kingitust.ee\/wp-content\/uploads\/2022\/03\/cropped-favicon-1.png\",\"width\":512,\"height\":512,\"caption\":\"Meremuuseumi e-pood\"},\"image\":{\"@id\":\"https:\/\/meremuuseum.100kingitust.ee\/en\/#\/schema\/logo\/image\/\"},\"sameAs\":[\"https:\/\/www.facebook.com\/100kingitust\"]}]}<\/script>\n<meta property=\"product:price:amount\" content=\"45.00\" \/>\n<meta property=\"product:price:currency\" content=\"EUR\" \/>\n<meta property=\"og:availability\" content=\"out of stock\" \/>\n<meta property=\"product:availability\" content=\"out of stock\" \/>\n<meta property=\"product:retailer_item_id\" content=\"SUURT\u00d5LLlaevamudel\" \/>\n<meta property=\"product:condition\" content=\"new\" \/>\n<!-- \/ Yoast SEO Premium plugin. -->","yoast_head_json":{"title":"SUUR T\u00d5LL metal ship model - Maritime Museum Gift Shop","description":"Lennusadama ja Paks Margareeta e-poest leiad parimad kingiideed meres\u00f5brale, kalamehele. Mereteemalised aksessuaarid","robots":{"index":"index","follow":"follow","max-snippet":"max-snippet:-1","max-image-preview":"max-image-preview:large","max-video-preview":"max-video-preview:-1"},"canonical":"https:\/\/meremuuseum.100kingitust.ee\/en\/suur-toll-metal-ship-model\/","og_locale":"en_US","og_type":"article","og_title":"SUUR T\u00d5LL metal ship model","og_description":"Lennusadama ja Paks Margareeta e-poest leiad parimad kingiideed meres\u00f5brale, kalamehele. Mereteemalised aksessuaarid","og_url":"https:\/\/meremuuseum.100kingitust.ee\/en\/suur-toll-metal-ship-model\/","og_site_name":"Maritime Museum Gift Shop","article_publisher":"https:\/\/www.facebook.com\/100kingitust","og_image":[{"width":736,"height":642,"url":"https:\/\/meremuuseum.100kingitust.ee\/wp-content\/uploads\/2022\/04\/SUURTOLLlaevamudel.png","type":"image\/png"}],"twitter_card":"summary_large_image","twitter_misc":{"Price":"45.00&nbsp;&euro;","Availability":"Out of stock"},"schema":{"@context":"https:\/\/schema.org","@graph":[{"@type":"WebPage","@id":"https:\/\/meremuuseum.100kingitust.ee\/en\/suur-toll-metal-ship-model\/","url":"https:\/\/meremuuseum.100kingitust.ee\/en\/suur-toll-metal-ship-model\/","name":"SUUR T\u00d5LL metal ship model - Maritime Museum Gift Shop","isPartOf":{"@id":"https:\/\/meremuuseum.100kingitust.ee\/en\/#website"},"primaryImageOfPage":{"@id":"https:\/\/meremuuseum.100kingitust.ee\/en\/suur-toll-metal-ship-model\/#primaryimage"},"image":{"@id":"https:\/\/meremuuseum.100kingitust.ee\/en\/suur-toll-metal-ship-model\/#primaryimage"},"thumbnailUrl":"https:\/\/meremuuseum.100kingitust.ee\/wp-content\/uploads\/2022\/04\/SUURTOLLlaevamudel.png","datePublished":"2022-04-26T19:12:46+00:00","description":"Lennusadama ja Paks Margareeta e-poest leiad parimad kingiideed meres\u00f5brale, kalamehele. Mereteemalised aksessuaarid","breadcrumb":{"@id":"https:\/\/meremuuseum.100kingitust.ee\/en\/suur-toll-metal-ship-model\/#breadcrumb"},"inLanguage":"en-US","potentialAction":[{"@type":"ReadAction","target":["https:\/\/meremuuseum.100kingitust.ee\/en\/suur-toll-metal-ship-model\/"]}]},{"@type":"ImageObject","inLanguage":"en-US","@id":"https:\/\/meremuuseum.100kingitust.ee\/en\/suur-toll-metal-ship-model\/#primaryimage","url":"https:\/\/meremuuseum.100kingitust.ee\/wp-content\/uploads\/2022\/04\/SUURTOLLlaevamudel.png","contentUrl":"https:\/\/meremuuseum.100kingitust.ee\/wp-content\/uploads\/2022\/04\/SUURTOLLlaevamudel.png","width":736,"height":642,"caption":"suur-toll-metal-ship-model"},{"@type":"BreadcrumbList","@id":"https:\/\/meremuuseum.100kingitust.ee\/en\/suur-toll-metal-ship-model\/#breadcrumb","itemListElement":[{"@type":"ListItem","position":1,"name":"Esileht","item":"https:\/\/meremuuseum.100kingitust.ee\/en\/"},{"@type":"ListItem","position":2,"name":"Shop","item":"https:\/\/meremuuseum.100kingitust.ee\/en\/shop\/"},{"@type":"ListItem","position":3,"name":"SUUR T\u00d5LL metal ship model"}]},{"@type":"WebSite","@id":"https:\/\/meremuuseum.100kingitust.ee\/en\/#website","url":"https:\/\/meremuuseum.100kingitust.ee\/en\/","name":"Maritime Museum Gift Shop","description":"Estonian Maritime Museum shop. Nautical gifts and sea themed accessories.","publisher":{"@id":"https:\/\/meremuuseum.100kingitust.ee\/en\/#organization"},"potentialAction":[{"@type":"SearchAction","target":{"@type":"EntryPoint","urlTemplate":"https:\/\/meremuuseum.100kingitust.ee\/en\/?s={search_term_string}"},"query-input":{"@type":"PropertyValueSpecification","valueRequired":true,"valueName":"search_term_string"}}],"inLanguage":"en-US"},{"@type":"Organization","@id":"https:\/\/meremuuseum.100kingitust.ee\/en\/#organization","name":"Meremuuseumi e-pood","url":"https:\/\/meremuuseum.100kingitust.ee\/en\/","logo":{"@type":"ImageObject","inLanguage":"en-US","@id":"https:\/\/meremuuseum.100kingitust.ee\/en\/#\/schema\/logo\/image\/","url":"https:\/\/meremuuseum.100kingitust.ee\/wp-content\/uploads\/2022\/03\/cropped-favicon-1.png","contentUrl":"https:\/\/meremuuseum.100kingitust.ee\/wp-content\/uploads\/2022\/03\/cropped-favicon-1.png","width":512,"height":512,"caption":"Meremuuseumi e-pood"},"image":{"@id":"https:\/\/meremuuseum.100kingitust.ee\/en\/#\/schema\/logo\/image\/"},"sameAs":["https:\/\/www.facebook.com\/100kingitust"]}]},"product_price_amount":"45.00","product_price_currency":"EUR","og_availability":"out of stock","product_availability":"out of stock","product_retailer_item_id":"SUURT\u00d5LLlaevamudel","product_condition":"new"},"_links":{"self":[{"href":"https:\/\/meremuuseum.100kingitust.ee\/en\/wp-json\/wp\/v2\/product\/2944","targetHints":{"allow":["GET"]}}],"collection":[{"href":"https:\/\/meremuuseum.100kingitust.ee\/en\/wp-json\/wp\/v2\/product"}],"about":[{"href":"https:\/\/meremuuseum.100kingitust.ee\/en\/wp-json\/wp\/v2\/types\/product"}],"wp:featuredmedia":[{"embeddable":true,"href":"https:\/\/meremuuseum.100kingitust.ee\/en\/wp-json\/wp\/v2\/media\/2943"}],"wp:attachment":[{"href":"https:\/\/meremuuseum.100kingitust.ee\/en\/wp-json\/wp\/v2\/media?parent=2944"}],"wp:term":[{"taxonomy":"product_brand","embeddable":true,"href":"https:\/\/meremuuseum.100kingitust.ee\/en\/wp-json\/wp\/v2\/product_brand?post=2944"},{"taxonomy":"product_cat","embeddable":true,"href":"https:\/\/meremuuseum.100kingitust.ee\/en\/wp-json\/wp\/v2\/product_cat?post=2944"},{"taxonomy":"product_tag","embeddable":true,"href":"https:\/\/meremuuseum.100kingitust.ee\/en\/wp-json\/wp\/v2\/product_tag?post=2944"}],"curies":[{"name":"wp","href":"https:\/\/api.w.org\/{rel}","templated":true}]}}